{"id":98,"date":"2022-02-20T11:13:01","date_gmt":"2022-02-20T10:13:01","guid":{"rendered":"http:\/\/schweitzer.wiesan.de\/wordpress\/?page_id=98"},"modified":"2025-09-05T09:33:46","modified_gmt":"2025-09-05T07:33:46","slug":"korridormassnahme-ese-gs","status":"publish","type":"page","link":"https:\/\/www.albert-schweitzer-schule-wiesbaden.de\/index.php\/korridormassnahme-ese-gs\/","title":{"rendered":"Korridorklassen EMS"},"content":{"rendered":"\n<p class=\"has-vivid-red-color has-text-color has-link-color wp-elements-c22e9937e3223ef563533fb6281616eb\"><strong>Achtung! Die Ma\u00dfnahme kann f\u00fcr den SEK I-Bereich im Schuljahr 2025\/26 leider nicht angeboten werden.<\/strong><\/p>\n\n\n\n<p>Die Korridorklassen EMS Grundschule und SEK I sind ein unterst\u00fctzendes Angebot f\u00fcr Sch\u00fclerinnen und Sch\u00fcler mit Beeintr\u00e4chtigungen im emotionalen und sozialen Bereich, deren Verhalten im Rahmen einer Kleingruppe, ggf. auch im Rahmen von Einzelunterricht, auf der Grundlage einer konkreten Auftragskl\u00e4rung mit allen Beteiligten und in einem begrenzten zeitlichen Rahmen modifiziert werden soll. Durch die gezielte Herausnahme der Sch\u00fclerinnen und Sch\u00fcler aus der Klasse wird ein Systemwechsel gesetzt, der die zuvor zugespitzte Situation unterbricht und eine Form der Beruhigung erm\u00f6glicht. Somit kann ein Rahmen f\u00fcr Kl\u00e4rung und Neuorientierung geschaffen werden.<\/p>\n\n\n\n<p>Aspekte dieses Kl\u00e4rungs- und Orientierungsprozesses sind:<\/p>\n\n\n\n<ul class=\"wp-block-list\">\n<li>Analyse der Problematik in der ver\u00e4nderten Situation der Korridorklasse<\/li>\n\n\n\n<li>Freude am Unterricht entwickeln, einen regelm\u00e4\u00dfigen Schulbesuch anstreben<\/li>\n\n\n\n<li>Entwicklung geeigneter Verhaltensziele und F\u00f6rderma\u00dfnahmen<\/li>\n\n\n\n<li>Reflexionsprozesse<\/li>\n\n\n\n<li>Entwicklungsfortschritte sichtbar machen<\/li>\n\n\n\n<li>Gruppenf\u00e4higkeit entwickeln<\/li>\n\n\n\n<li>emotionale Stabilisierung durch unvoreingenommene Atmosph\u00e4re und Entlastung<\/li>\n<\/ul>\n\n\n\n<p>Im Anschluss an die Ma\u00dfnahme erfolgt eine R\u00fcckf\u00fchrung in eine Lerngruppe der allgemeinen Schule.<\/p>\n\n\n\n<h1 class=\"wp-block-heading\"><a name=\"_Toc398485707\"><\/a> P\u00e4dagogische Angebote der Korridorklassen<\/h1>\n\n\n\n<ul class=\"wp-block-list\">\n<li>Bewegung<\/li>\n\n\n\n<li>Kreativangebote<\/li>\n\n\n\n<li>Spiel\/ Spa\u00df<\/li>\n\n\n\n<li>Interaktionsspiele<\/li>\n\n\n\n<li>Lernangebote in Mathematik\/ Deutsch<\/li>\n\n\n\n<li>Konzentrationstraining<\/li>\n\n\n\n<li>Beratung<\/li>\n\n\n\n<li>individuelle Ziele im Arbeits- und Sozialverhalten<\/li>\n\n\n\n<li>Rituale<\/li>\n\n\n\n<li>Sozialkompetenztraining<\/li>\n\n\n\n<li><a href=\"https:\/\/www.albert-schweitzer-schule-wiesbaden.de\/wp-content\/uploads\/2022\/10\/Familientag-Korridorklasse_Schaubild-1.pdf\" target=\"_blank\" rel=\"noopener\">Elternarbeit<\/a><\/li>\n<\/ul>\n\n\n\n<p>Eine Aufnahme kann nach vorangegangene sonderp\u00e4dagogischen vorbeugenden Ma\u00dfnahmen im F\u00f6rderschwerpunkt emotionale und soziale Entwicklung erfolgen. Hief\u00fcr wenden sich die BFZ-Lehrkr\u00e4fte vor Ort an die BFZ-Stufenleitung im F\u00f6rderschwerpunkt EMS nach folgendem <a href=\"https:\/\/www.albert-schweitzer-schule-wiesbaden.de\/wp-content\/uploads\/2024\/05\/Ablaeufe-Aufnahme-Korridorklassen-EMS.pdf\">Ablauf<\/a>.<\/p>\n\n\n\n<div class=\"wp-block-group\"><div class=\"wp-block-group__inner-container is-layout-flow wp-block-group-is-layout-flow\">\n<div class=\"wp-block-columns is-layout-flex wp-container-core-columns-is-layout-9d6595d7 wp-block-columns-is-layout-flex\">\n<div class=\"wp-block-column is-layout-flow wp-block-column-is-layout-flow\" style=\"flex-basis:100%\">\n<div class=\"wp-block-group\"><div class=\"wp-block-group__inner-container is-layout-flow wp-block-group-is-layout-flow\">\n<div class=\"wp-block-group\"><div class=\"wp-block-group__inner-container is-layout-flow wp-block-group-is-layout-flow\">\n<div class=\"wp-block-columns has-background is-layout-flex wp-container-core-columns-is-layout-9d6595d7 wp-block-columns-is-layout-flex\" style=\"background-color:#67bbbf7a\">\n<div class=\"wp-block-column is-layout-flow wp-block-column-is-layout-flow\">\n<p class=\"has-medium-font-size\"><strong>Korridorklasse Grundschule<\/strong><\/p>\n\n\n\n<p><strong>Adresse:<\/strong><\/p>\n\n\n\n<p><em>Biebricher Stra\u00dfe 12<\/em><\/p>\n\n\n\n<p><em>65203 Wiesbaden, Mainz-Am\u00f6neburg<\/em><\/p>\n\n\n\n<p><strong>Kontakt:<\/strong><\/p>\n\n\n\n<p>Telefon: 0611-94587031<\/p>\n\n\n\n<p>FAX: 0611-44504443<\/p>\n<\/div>\n\n\n\n<div class=\"wp-block-column is-layout-flow wp-block-column-is-layout-flow\">\n<p class=\"has-medium-font-size\"><strong>Korridorklasse Sekundarstufe I<\/strong><\/p>\n\n\n\n<p><strong>Adresse:<\/strong><\/p>\n\n\n\n<p><em>Jonas-Schmidt-Stra\u00dfe 2<\/em><\/p>\n\n\n\n<p><em>65193 Wiesbaden<\/em><\/p>\n\n\n\n<p><strong>Kontakt:<\/strong><\/p>\n\n\n\n<p>Telefon: 0611-94587022<\/p>\n\n\n\n<p class=\"has-vivid-red-color has-text-color has-link-color wp-elements-c9365267f914bd71ea50e5e539e3962b\"><\/p>\n<\/div>\n<\/div>\n<\/div><\/div>\n<\/div><\/div>\n<\/div>\n<\/div>\n<\/div><\/div>\n\n\n\n<figure class=\"wp-block-gallery has-nested-images columns-2 is-cropped wp-block-gallery-1 is-layout-flex wp-block-gallery-is-layout-flex\">\n<figure class=\"wp-block-image size-medium\"><img loading=\"lazy\" decoding=\"async\" width=\"300\" height=\"225\" data-id=\"463\" src=\"http:\/\/schweitzer.wiesan.de\/wordpress\/wp-content\/uploads\/2022\/04\/IMG_8440-300x225.jpg\" alt=\"\" class=\"wp-image-463\" srcset=\"https:\/\/www.albert-schweitzer-schule-wiesbaden.de\/wp-content\/uploads\/2022\/04\/IMG_8440-300x225.jpg 300w, https:\/\/www.albert-schweitzer-schule-wiesbaden.de\/wp-content\/uploads\/2022\/04\/IMG_8440-1024x768.jpg 1024w, https:\/\/www.albert-schweitzer-schule-wiesbaden.de\/wp-content\/uploads\/2022\/04\/IMG_8440-768x576.jpg 768w, https:\/\/www.albert-schweitzer-schule-wiesbaden.de\/wp-content\/uploads\/2022\/04\/IMG_8440-1536x1152.jpg 1536w, https:\/\/www.albert-schweitzer-schule-wiesbaden.de\/wp-content\/uploads\/2022\/04\/IMG_8440-2048x1536.jpg 2048w\" sizes=\"auto, (max-width: 300px) 100vw, 300px\" \/><figcaption class=\"wp-element-caption\">Klassenraum (GS)<\/figcaption><\/figure>\n\n\n\n<figure class=\"wp-block-image size-medium\"><img loading=\"lazy\" decoding=\"async\" width=\"300\" height=\"225\" data-id=\"464\" src=\"http:\/\/schweitzer.wiesan.de\/wordpress\/wp-content\/uploads\/2022\/04\/IMG_8449-300x225.jpg\" alt=\"\" class=\"wp-image-464\" srcset=\"https:\/\/www.albert-schweitzer-schule-wiesbaden.de\/wp-content\/uploads\/2022\/04\/IMG_8449-300x225.jpg 300w, https:\/\/www.albert-schweitzer-schule-wiesbaden.de\/wp-content\/uploads\/2022\/04\/IMG_8449-1024x768.jpg 1024w, https:\/\/www.albert-schweitzer-schule-wiesbaden.de\/wp-content\/uploads\/2022\/04\/IMG_8449-768x576.jpg 768w, https:\/\/www.albert-schweitzer-schule-wiesbaden.de\/wp-content\/uploads\/2022\/04\/IMG_8449-1536x1152.jpg 1536w, https:\/\/www.albert-schweitzer-schule-wiesbaden.de\/wp-content\/uploads\/2022\/04\/IMG_8449-2048x1536.jpg 2048w\" sizes=\"auto, (max-width: 300px) 100vw, 300px\" \/><figcaption class=\"wp-element-caption\">K\u00fcche (GS)<\/figcaption><\/figure>\n<\/figure>\n\n\n\n<figure class=\"wp-block-gallery has-nested-images columns-default is-cropped wp-block-gallery-2 is-layout-flex wp-block-gallery-is-layout-flex\">\n<figure class=\"wp-block-image size-large\"><img loading=\"lazy\" decoding=\"async\" width=\"1024\" height=\"768\" data-id=\"554\" src=\"http:\/\/schweitzer.wiesan.de\/wordpress\/wp-content\/uploads\/2022\/05\/IMG_8438-1024x768.jpg\" alt=\"\" class=\"wp-image-554\" srcset=\"https:\/\/www.albert-schweitzer-schule-wiesbaden.de\/wp-content\/uploads\/2022\/05\/IMG_8438-1024x768.jpg 1024w, https:\/\/www.albert-schweitzer-schule-wiesbaden.de\/wp-content\/uploads\/2022\/05\/IMG_8438-300x225.jpg 300w, https:\/\/www.albert-schweitzer-schule-wiesbaden.de\/wp-content\/uploads\/2022\/05\/IMG_8438-768x576.jpg 768w, https:\/\/www.albert-schweitzer-schule-wiesbaden.de\/wp-content\/uploads\/2022\/05\/IMG_8438-1536x1152.jpg 1536w, https:\/\/www.albert-schweitzer-schule-wiesbaden.de\/wp-content\/uploads\/2022\/05\/IMG_8438-2048x1536.jpg 2048w\" sizes=\"auto, (max-width: 1024px) 100vw, 1024px\" \/><figcaption class=\"wp-element-caption\">Kunstraum (GS)<\/figcaption><\/figure>\n\n\n\n<figure class=\"wp-block-image size-large\"><img loading=\"lazy\" decoding=\"async\" width=\"768\" height=\"1024\" data-id=\"561\" src=\"http:\/\/schweitzer.wiesan.de\/wordpress\/wp-content\/uploads\/2022\/05\/IMG_8441-768x1024.jpg\" alt=\"\" class=\"wp-image-561\" srcset=\"https:\/\/www.albert-schweitzer-schule-wiesbaden.de\/wp-content\/uploads\/2022\/05\/IMG_8441-768x1024.jpg 768w, https:\/\/www.albert-schweitzer-schule-wiesbaden.de\/wp-content\/uploads\/2022\/05\/IMG_8441-225x300.jpg 225w, https:\/\/www.albert-schweitzer-schule-wiesbaden.de\/wp-content\/uploads\/2022\/05\/IMG_8441-1152x1536.jpg 1152w, https:\/\/www.albert-schweitzer-schule-wiesbaden.de\/wp-content\/uploads\/2022\/05\/IMG_8441-1536x2048.jpg 1536w, https:\/\/www.albert-schweitzer-schule-wiesbaden.de\/wp-content\/uploads\/2022\/05\/IMG_8441-scaled.jpg 1920w\" sizes=\"auto, (max-width: 768px) 100vw, 768px\" \/><figcaption class=\"wp-element-caption\">Garten (GS)<\/figcaption><\/figure>\n\n\n\n<figure class=\"wp-block-image size-large\"><img loading=\"lazy\" decoding=\"async\" width=\"768\" height=\"1024\" data-id=\"563\" src=\"http:\/\/schweitzer.wiesan.de\/wordpress\/wp-content\/uploads\/2022\/05\/IMG_8444-768x1024.jpg\" alt=\"\" class=\"wp-image-563\" srcset=\"https:\/\/www.albert-schweitzer-schule-wiesbaden.de\/wp-content\/uploads\/2022\/05\/IMG_8444-768x1024.jpg 768w, https:\/\/www.albert-schweitzer-schule-wiesbaden.de\/wp-content\/uploads\/2022\/05\/IMG_8444-225x300.jpg 225w, https:\/\/www.albert-schweitzer-schule-wiesbaden.de\/wp-content\/uploads\/2022\/05\/IMG_8444-1152x1536.jpg 1152w, https:\/\/www.albert-schweitzer-schule-wiesbaden.de\/wp-content\/uploads\/2022\/05\/IMG_8444-1536x2048.jpg 1536w, https:\/\/www.albert-schweitzer-schule-wiesbaden.de\/wp-content\/uploads\/2022\/05\/IMG_8444-scaled.jpg 1920w\" sizes=\"auto, (max-width: 768px) 100vw, 768px\" \/><figcaption class=\"wp-element-caption\">Garten (GS)<\/figcaption><\/figure>\n\n\n\n<figure class=\"wp-block-image size-large\"><img loading=\"lazy\" decoding=\"async\" width=\"768\" height=\"1024\" data-id=\"565\" src=\"http:\/\/schweitzer.wiesan.de\/wordpress\/wp-content\/uploads\/2022\/05\/IMG_8445-768x1024.jpg\" alt=\"\" class=\"wp-image-565\" srcset=\"https:\/\/www.albert-schweitzer-schule-wiesbaden.de\/wp-content\/uploads\/2022\/05\/IMG_8445-768x1024.jpg 768w, https:\/\/www.albert-schweitzer-schule-wiesbaden.de\/wp-content\/uploads\/2022\/05\/IMG_8445-225x300.jpg 225w, https:\/\/www.albert-schweitzer-schule-wiesbaden.de\/wp-content\/uploads\/2022\/05\/IMG_8445-1152x1536.jpg 1152w, https:\/\/www.albert-schweitzer-schule-wiesbaden.de\/wp-content\/uploads\/2022\/05\/IMG_8445-1536x2048.jpg 1536w, https:\/\/www.albert-schweitzer-schule-wiesbaden.de\/wp-content\/uploads\/2022\/05\/IMG_8445-scaled.jpg 1920w\" sizes=\"auto, (max-width: 768px) 100vw, 768px\" \/><figcaption class=\"wp-element-caption\">Garten (GS)<\/figcaption><\/figure>\n\n\n\n<figure class=\"wp-block-image size-large\"><img loading=\"lazy\" decoding=\"async\" width=\"1024\" height=\"768\" data-id=\"564\" src=\"http:\/\/schweitzer.wiesan.de\/wordpress\/wp-content\/uploads\/2022\/05\/IMG_8443-1024x768.jpg\" alt=\"\" class=\"wp-image-564\" srcset=\"https:\/\/www.albert-schweitzer-schule-wiesbaden.de\/wp-content\/uploads\/2022\/05\/IMG_8443-1024x768.jpg 1024w, https:\/\/www.albert-schweitzer-schule-wiesbaden.de\/wp-content\/uploads\/2022\/05\/IMG_8443-300x225.jpg 300w, https:\/\/www.albert-schweitzer-schule-wiesbaden.de\/wp-content\/uploads\/2022\/05\/IMG_8443-768x576.jpg 768w, https:\/\/www.albert-schweitzer-schule-wiesbaden.de\/wp-content\/uploads\/2022\/05\/IMG_8443-1536x1152.jpg 1536w, https:\/\/www.albert-schweitzer-schule-wiesbaden.de\/wp-content\/uploads\/2022\/05\/IMG_8443-2048x1536.jpg 2048w\" sizes=\"auto, (max-width: 1024px) 100vw, 1024px\" \/><figcaption class=\"wp-element-caption\">Sportplatz Am\u00f6neburg (GS)<\/figcaption><\/figure>\n<\/figure>\n\n\n\n<p><\/p>\n","protected":false},"excerpt":{"rendered":"<p>Achtung! Die Ma\u00dfnahme kann f\u00fcr den SEK I-Bereich im Schuljahr 2025\/26 leider nicht angeboten werden. Die Korridorklassen EMS Grundschule und &hellip; <\/p>\n","protected":false},"author":1,"featured_media":0,"parent":0,"menu_order":0,"comment_status":"closed","ping_status":"closed","template":"","meta":{"footnotes":""},"class_list":["post-98","page","type-page","status-publish","hentry","latest_post"],"_links":{"self":[{"href":"https:\/\/www.albert-schweitzer-schule-wiesbaden.de\/index.php\/wp-json\/wp\/v2\/pages\/98","targetHints":{"allow":["GET"]}}],"collection":[{"href":"https:\/\/www.albert-schweitzer-schule-wiesbaden.de\/index.php\/wp-json\/wp\/v2\/pages"}],"about":[{"href":"https:\/\/www.albert-schweitzer-schule-wiesbaden.de\/index.php\/wp-json\/wp\/v2\/types\/page"}],"author":[{"embeddable":true,"href":"https:\/\/www.albert-schweitzer-schule-wiesbaden.de\/index.php\/wp-json\/wp\/v2\/users\/1"}],"replies":[{"embeddable":true,"href":"https:\/\/www.albert-schweitzer-schule-wiesbaden.de\/index.php\/wp-json\/wp\/v2\/comments?post=98"}],"version-history":[{"count":45,"href":"https:\/\/www.albert-schweitzer-schule-wiesbaden.de\/index.php\/wp-json\/wp\/v2\/pages\/98\/revisions"}],"predecessor-version":[{"id":2166,"href":"https:\/\/www.albert-schweitzer-schule-wiesbaden.de\/index.php\/wp-json\/wp\/v2\/pages\/98\/revisions\/2166"}],"wp:attachment":[{"href":"https:\/\/www.albert-schweitzer-schule-wiesbaden.de\/index.php\/wp-json\/wp\/v2\/media?parent=98"}],"curies":[{"name":"wp","href":"https:\/\/api.w.org\/{rel}","templated":true}]}}