{"id":760,"date":"2022-05-26T21:15:56","date_gmt":"2022-05-26T19:15:56","guid":{"rendered":"http:\/\/schweitzer.wiesan.de\/wordpress\/?page_id=760"},"modified":"2022-06-02T21:57:16","modified_gmt":"2022-06-02T19:57:16","slug":"isb-a","status":"publish","type":"page","link":"https:\/\/www.albert-schweitzer-schule-wiesbaden.de\/index.php\/isb-a\/","title":{"rendered":"iSB A"},"content":{"rendered":"\n<p><strong>Schulen im inklusiven Schulb\u00fcndnis A, die durch das rBFZ unterst\u00fctzt werden:<\/strong><\/p>\n\n\n\n<figure class=\"wp-block-table is-style-regular\"><table><thead><tr><th>Schulform<\/th><th class=\"has-text-align-left\" data-align=\"left\">Schule<\/th><th class=\"has-text-align-left\" data-align=\"left\">Adresse<\/th><\/tr><\/thead><tbody><tr><td>GS<\/td><td class=\"has-text-align-left\" data-align=\"left\">Anton-Gruner-Schule<\/td><td class=\"has-text-align-left\" data-align=\"left\">Lehrstra\u00dfe 10, 65183 Wiesbaden<\/td><\/tr><tr><td>GS<\/td><td class=\"has-text-align-left\" data-align=\"left\">Bl\u00fccherschule<\/td><td class=\"has-text-align-left\" data-align=\"left\">Bl\u00fccherplatz 1, 65195 Wiesbaden<\/td><\/tr><tr><td>GS<\/td><td class=\"has-text-align-left\" data-align=\"left\">Friedrich-Ludwig-Jahn-Schule<\/td><td class=\"has-text-align-left\" data-align=\"left\">Karlstra\u00dfe 21-25, 65185 Wiesbaden<\/td><\/tr><tr><td>GS<\/td><td class=\"has-text-align-left\" data-align=\"left\">Friedrich-von-Schiller-Schule<\/td><td class=\"has-text-align-left\" data-align=\"left\">Lorcher Stra\u00dfe 10, 65195 Wiesbaden<\/td><\/tr><tr><td>GS<\/td><td class=\"has-text-align-left\" data-align=\"left\">Fritz-Gansberg-Schule<\/td><td class=\"has-text-align-left\" data-align=\"left\">Bierstadter Stra\u00dfe, 65189 Wiesbaden<\/td><\/tr><tr><td>GS<\/td><td class=\"has-text-align-left\" data-align=\"left\">Geschwister-Scholl-Schule<\/td><td class=\"has-text-align-left\" data-align=\"left\">Geschwister-Scholl-Stra\u00dfe 2, 65197 Wiesbaden<\/td><\/tr><tr><td>GS<\/td><td class=\"has-text-align-left\" data-align=\"left\">Johannes-Maa\u00df-Schule<\/td><td class=\"has-text-align-left\" data-align=\"left\">Johannes-Maa\u00df-Stra\u00dfe 1, 65193 Wiesbaden<\/td><\/tr><tr><td>GS<\/td><td class=\"has-text-align-left\" data-align=\"left\">Kohlheckschule<\/td><td class=\"has-text-align-left\" data-align=\"left\">Kohlheckstra\u00dfe 43, 65199 Wiesbaden<\/td><\/tr><tr><td>GS<\/td><td class=\"has-text-align-left\" data-align=\"left\">Konrad-Duden-Schule \/<br>Adolf-Reichwein-Schule<\/td><td class=\"has-text-align-left\" data-align=\"left\">Am Schlo\u00dfberg 22, 65191 Wiesbaden \/&nbsp;<br>Trompeter Stra\u00dfe 5, 65207 Wiesbaden<\/td><\/tr><tr><td>GS<\/td><td class=\"has-text-align-left\" data-align=\"left\">Riederbergschule<\/td><td class=\"has-text-align-left\" data-align=\"left\">Philippsbergstra\u00dfe 26, 65195 Wiesbaden<\/td><\/tr><tr><td>GS<\/td><td class=\"has-text-align-left\" data-align=\"left\">Robert-Schumann-Schule<\/td><td class=\"has-text-align-left\" data-align=\"left\">Schumannstra\u00dfe 18, 65193 Wiesbaden<\/td><\/tr><tr><td>GS<\/td><td class=\"has-text-align-left\" data-align=\"left\">Ursula-W\u00f6lfel-Schule<\/td><td class=\"has-text-align-left\" data-align=\"left\">Hollerbornstra\u00dfe 5, 65197 Wiesbaden&nbsp;<\/td><\/tr><tr><td>R<\/td><td class=\"has-text-align-left\" data-align=\"left\">Gerhart-Hauptmann-Schule<\/td><td class=\"has-text-align-left\" data-align=\"left\">Manteuffelstra\u00dfe 12, 65197 Wiesbaden<\/td><\/tr><tr><td>IGS<\/td><td class=\"has-text-align-left\" data-align=\"left\">IGS Kastellstra\u00dfe<\/td><td class=\"has-text-align-left\" data-align=\"left\">Kastellstra\u00dfe 11, 65183 Wiesbaden<\/td><\/tr><tr><td>IGS<\/td><td class=\"has-text-align-left\" data-align=\"left\">IGS Rheingauviertel<\/td><td class=\"has-text-align-left\" data-align=\"left\">Lorcher Stra\u00dfe 12, 65197 Wiesbaden<\/td><\/tr><tr><td>IGS<\/td><td class=\"has-text-align-left\" data-align=\"left\">Sophie-und-Hans-Scholl-Schule<\/td><td class=\"has-text-align-left\" data-align=\"left\">Geschwister-Scholl-Stra\u00dfe 10, 65197 Wiesbaden<\/td><\/tr><tr><td>GYM<\/td><td class=\"has-text-align-left\" data-align=\"left\">Elly-Heuss-Schule<\/td><td class=\"has-text-align-left\" data-align=\"left\">Platz der deutschen Einheit 2, 65185 Wiesbaden<\/td><\/tr><tr><td>GYM<\/td><td class=\"has-text-align-left\" data-align=\"left\">Diltheyschule<\/td><td class=\"has-text-align-left\" data-align=\"left\">Georg-August-Stra\u00dfe 16, 65195 Wiesbaden<\/td><\/tr><tr><td>GYM<\/td><td class=\"has-text-align-left\" data-align=\"left\">Leibnitzschule<\/td><td class=\"has-text-align-left\" data-align=\"left\">Zietenring 9, 65195 Wiesbaden<\/td><\/tr><tr><td>GYM<\/td><td class=\"has-text-align-left\" data-align=\"left\">Oranienschule<\/td><td class=\"has-text-align-left\" data-align=\"left\">Oranienstra\u00dfe 7, 65185 Wiesbaden<\/td><\/tr><tr><td>BS<\/td><td class=\"has-text-align-left\" data-align=\"left\">Friedrich-Ebert-Schule<\/td><td class=\"has-text-align-left\" data-align=\"left\">Balthasar-Neumann-Stra\u00dfe 1, 65189 Wiesbaden<\/td><\/tr><tr><td>BS<\/td><td class=\"has-text-align-left\" data-align=\"left\">Friedrich-List-Schule<\/td><td class=\"has-text-align-left\" data-align=\"left\">Brunhildenstra\u00dfe 142, 65189 Wiesbaden<\/td><\/tr><\/tbody><\/table><\/figure>\n","protected":false},"excerpt":{"rendered":"<p>Schulen im inklusiven Schulb\u00fcndnis A, die durch das rBFZ unterst\u00fctzt werden: Schulform Schule Adresse GS Anton-Gruner-Schule Lehrstra\u00dfe 10, 65183 Wiesbaden &hellip; <\/p>\n","protected":false},"author":2,"featured_media":0,"parent":0,"menu_order":0,"comment_status":"closed","ping_status":"closed","template":"","meta":{"footnotes":""},"class_list":["post-760","page","type-page","status-publish","hentry","latest_post"],"_links":{"self":[{"href":"https:\/\/www.albert-schweitzer-schule-wiesbaden.de\/index.php\/wp-json\/wp\/v2\/pages\/760","targetHints":{"allow":["GET"]}}],"collection":[{"href":"https:\/\/www.albert-schweitzer-schule-wiesbaden.de\/index.php\/wp-json\/wp\/v2\/pages"}],"about":[{"href":"https:\/\/www.albert-schweitzer-schule-wiesbaden.de\/index.php\/wp-json\/wp\/v2\/types\/page"}],"author":[{"embeddable":true,"href":"https:\/\/www.albert-schweitzer-schule-wiesbaden.de\/index.php\/wp-json\/wp\/v2\/users\/2"}],"replies":[{"embeddable":true,"href":"https:\/\/www.albert-schweitzer-schule-wiesbaden.de\/index.php\/wp-json\/wp\/v2\/comments?post=760"}],"version-history":[{"count":10,"href":"https:\/\/www.albert-schweitzer-schule-wiesbaden.de\/index.php\/wp-json\/wp\/v2\/pages\/760\/revisions"}],"predecessor-version":[{"id":822,"href":"https:\/\/www.albert-schweitzer-schule-wiesbaden.de\/index.php\/wp-json\/wp\/v2\/pages\/760\/revisions\/822"}],"wp:attachment":[{"href":"https:\/\/www.albert-schweitzer-schule-wiesbaden.de\/index.php\/wp-json\/wp\/v2\/media?parent=760"}],"curies":[{"name":"wp","href":"https:\/\/api.w.org\/{rel}","templated":true}]}}