{"id":231,"date":"2022-02-22T17:03:53","date_gmt":"2022-02-22T16:03:53","guid":{"rendered":"http:\/\/schweitzer.wiesan.de\/wordpress\/?page_id=231"},"modified":"2023-11-09T08:45:17","modified_gmt":"2023-11-09T07:45:17","slug":"olov","status":"publish","type":"page","link":"https:\/\/www.albert-schweitzer-schule-wiesbaden.de\/index.php\/olov\/","title":{"rendered":"OloV"},"content":{"rendered":"<p><strong>Dritte Rezertifizierung des G\u00fctesiegels Berufs- und Studienorientierung Hessen<\/strong><\/p>\n<p>Bereits seit 11 Jahren wird die ausgezeichnete Berufsorientierung der Albert-Schweitzer-Schule mit dem G\u00fctesiegel Berufs- und Studienorientierung bescheinigt. Dieses wird an Schulen vergeben, die eine vorbildliche berufliche Orientierung nach den OloV-Qualit\u00e4tsstandards (OloV = Optimierung der lokalen Vermittlungsarbeit) gestalten und umsetzen.<\/p>\n<p>Nun konnte die Schule im Rahmen der dritten Rezertifizierung ihr Konzept der beruflichen Orientierung wieder pr\u00e4sentieren und erhielt f\u00fcr weitere f\u00fcnf Jahre diese Auszeichnung.<\/p>\n<p><em><span style=\"font-size: 14px;\">Stand 10\/2023<\/span><\/em><\/p>\n","protected":false},"excerpt":{"rendered":"<p>Dritte Rezertifizierung des G\u00fctesiegels Berufs- und Studienorientierung Hessen Bereits seit 11 Jahren wird die ausgezeichnete Berufsorientierung der Albert-Schweitzer-Schule mit dem &hellip; <\/p>\n","protected":false},"author":1,"featured_media":0,"parent":0,"menu_order":0,"comment_status":"closed","ping_status":"closed","template":"","meta":{"footnotes":""},"class_list":["post-231","page","type-page","status-publish","hentry","latest_post"],"_links":{"self":[{"href":"https:\/\/www.albert-schweitzer-schule-wiesbaden.de\/index.php\/wp-json\/wp\/v2\/pages\/231","targetHints":{"allow":["GET"]}}],"collection":[{"href":"https:\/\/www.albert-schweitzer-schule-wiesbaden.de\/index.php\/wp-json\/wp\/v2\/pages"}],"about":[{"href":"https:\/\/www.albert-schweitzer-schule-wiesbaden.de\/index.php\/wp-json\/wp\/v2\/types\/page"}],"author":[{"embeddable":true,"href":"https:\/\/www.albert-schweitzer-schule-wiesbaden.de\/index.php\/wp-json\/wp\/v2\/users\/1"}],"replies":[{"embeddable":true,"href":"https:\/\/www.albert-schweitzer-schule-wiesbaden.de\/index.php\/wp-json\/wp\/v2\/comments?post=231"}],"version-history":[{"count":4,"href":"https:\/\/www.albert-schweitzer-schule-wiesbaden.de\/index.php\/wp-json\/wp\/v2\/pages\/231\/revisions"}],"predecessor-version":[{"id":1622,"href":"https:\/\/www.albert-schweitzer-schule-wiesbaden.de\/index.php\/wp-json\/wp\/v2\/pages\/231\/revisions\/1622"}],"wp:attachment":[{"href":"https:\/\/www.albert-schweitzer-schule-wiesbaden.de\/index.php\/wp-json\/wp\/v2\/media?parent=231"}],"curies":[{"name":"wp","href":"https:\/\/api.w.org\/{rel}","templated":true}]}}