{"id":201,"date":"2022-02-22T14:39:39","date_gmt":"2022-02-22T13:39:39","guid":{"rendered":"http:\/\/schweitzer.wiesan.de\/wordpress\/?page_id=201"},"modified":"2022-06-10T13:33:21","modified_gmt":"2022-06-10T11:33:21","slug":"mittelstufe","status":"publish","type":"page","link":"https:\/\/www.albert-schweitzer-schule-wiesbaden.de\/index.php\/mittelstufe\/","title":{"rendered":"Mittelstufe"},"content":{"rendered":"\n<p>Die Mittelstufenklassen werden von Kindern aus den Jahrg\u00e4ngen 5 &amp; 6 besucht. Wie in der Grundstufe sind die Klassen auch hier jahrgangs\u00fcbergreifend. <\/p>\n\n\n\n<p>In den Mittelstufenklassen lernen in der Regel&nbsp;10-15 Kinder gemeinsam. <\/p>\n\n\n\n<p>Der Unterricht ist individuell und handlungsorientiert gestaltet. <\/p>\n\n\n\n<p>Neben den Hauptf\u00e4chern Mathematik und Deutsch, werden die Kinder auch in den F\u00e4chern Gesellschaftslehre, Naturwissenschaften, \u00e4sthetische Bildung, Sport, Arbeitslehre und Englisch unterrichtet. <\/p>\n\n\n\n<p>Die F\u00e4cher Arbeitslehre und Berufsorientierung bilden einen neuen Schwerpunkt in der Mittelstufe. Hier k\u00f6nnen die Kinder in den Bereichen K\u00fcche sowie PC &amp; Werken Erfahrungen sammeln. Au\u00dferdem wird der W\u00e4schedienst von der Mittelstufenklasse \u00fcbernommen und es finden erste Betriebsbesichtigungen statt. Ebenso ist ab Klasse 5 die Teilnahme am Boys &amp; Girls Day verpflichtend.<\/p>\n","protected":false},"excerpt":{"rendered":"<p>Die Mittelstufenklassen werden von Kindern aus den Jahrg\u00e4ngen 5 &amp; 6 besucht. Wie in der Grundstufe sind die Klassen auch &hellip; <\/p>\n","protected":false},"author":1,"featured_media":0,"parent":0,"menu_order":0,"comment_status":"closed","ping_status":"closed","template":"","meta":{"footnotes":""},"class_list":["post-201","page","type-page","status-publish","hentry","latest_post"],"_links":{"self":[{"href":"https:\/\/www.albert-schweitzer-schule-wiesbaden.de\/index.php\/wp-json\/wp\/v2\/pages\/201","targetHints":{"allow":["GET"]}}],"collection":[{"href":"https:\/\/www.albert-schweitzer-schule-wiesbaden.de\/index.php\/wp-json\/wp\/v2\/pages"}],"about":[{"href":"https:\/\/www.albert-schweitzer-schule-wiesbaden.de\/index.php\/wp-json\/wp\/v2\/types\/page"}],"author":[{"embeddable":true,"href":"https:\/\/www.albert-schweitzer-schule-wiesbaden.de\/index.php\/wp-json\/wp\/v2\/users\/1"}],"replies":[{"embeddable":true,"href":"https:\/\/www.albert-schweitzer-schule-wiesbaden.de\/index.php\/wp-json\/wp\/v2\/comments?post=201"}],"version-history":[{"count":4,"href":"https:\/\/www.albert-schweitzer-schule-wiesbaden.de\/index.php\/wp-json\/wp\/v2\/pages\/201\/revisions"}],"predecessor-version":[{"id":843,"href":"https:\/\/www.albert-schweitzer-schule-wiesbaden.de\/index.php\/wp-json\/wp\/v2\/pages\/201\/revisions\/843"}],"wp:attachment":[{"href":"https:\/\/www.albert-schweitzer-schule-wiesbaden.de\/index.php\/wp-json\/wp\/v2\/media?parent=201"}],"curies":[{"name":"wp","href":"https:\/\/api.w.org\/{rel}","templated":true}]}}