{"id":13,"date":"2022-02-19T13:48:46","date_gmt":"2022-02-19T12:48:46","guid":{"rendered":"http:\/\/schweitzer.wiesan.de\/wordpress\/?page_id=13"},"modified":"2026-02-04T09:44:51","modified_gmt":"2026-02-04T08:44:51","slug":"ueber-uns","status":"publish","type":"page","link":"https:\/\/www.albert-schweitzer-schule-wiesbaden.de\/index.php\/ueber-uns\/","title":{"rendered":"\u00dcBER UNS"},"content":{"rendered":"\n<p style=\"font-size:24px\"><strong>Die Albert-Schweitzer-Schule ist\u2026<\/strong><\/p>\n\n\n\n<ul class=\"wp-block-list\">\n<li><strong>Schule mit dem F\u00f6rderschwerpunkt Lernen und Zweig geistige Entwicklung = station\u00e4res System<\/strong>\n<ul class=\"wp-block-list\">\n<li>Lernort f\u00fcr ca. 90-100 Sch\u00fclerinnen und Sch\u00fcler mit einem Anspruch auf sonderp\u00e4dagogische F\u00f6rderung in F\u00f6rderschwerpunkten Lernen und gE<\/li>\n<\/ul>\n<\/li>\n\n\n\n<li><strong>regionales Beratungs- und F\u00f6rderzentrum = ambulantes System<\/strong>\n<ul class=\"wp-block-list\">\n<li>gr\u00f6\u00dftes rBFZ in Hessen und unterst\u00fctzender Kooperationspartner f\u00fcr die meisten der allgemeinen Schulen in den drei inklusiven Schulb\u00fcndnissen<\/li>\n<\/ul>\n<\/li>\n<\/ul>\n\n\n\n<p>Die vielf\u00e4ltigen Aufgabenbereiche und zahlreichen Kooperationspartner, die durch die Doppelfunktion und die Gr\u00f6\u00dfe des Systems entstehen, machen einen engen Austausch sowie eine gegenseitige fachliche Qualifizierung in <strong>multiprofessionellen Teams<\/strong> notwendig. In verschiedenen Teamstrukturen und mit unterschiedlichen Funktionen arbeiten ca. 150 Personen zusammen\u2026<\/p>\n\n\n\n<ul class=\"wp-block-list\">\n<li>F\u00f6rderschullehrkr\u00e4fte f\u00fcr die verschiedenen Fachrichtungen (&amp; Vertretungslehrkr\u00e4fte) in F\u00f6rderschule und BFZ<\/li>\n\n\n\n<li>BFZ-Sozialp\u00e4dagoginnen und -p\u00e4dagogen<\/li>\n\n\n\n<li>Erzieher\/innen in der F\u00f6rderschule<\/li>\n\n\n\n<li><a href=\"https:\/\/www.albert-schweitzer-schule-wiesbaden.de\/index.php\/schulsozialarbeit\/\" data-type=\"page\" data-id=\"211\">Schulsozialarbeit<\/a> an der F\u00f6rderschule<\/li>\n\n\n\n<li>Stufenleitungen in der F\u00f6rderschule und im BFZ<\/li>\n\n\n\n<li>Regional- und Fachteamkoordinatorinnen und -koordinatoren im BFZ<\/li>\n\n\n\n<li><a href=\"https:\/\/www.albert-schweitzer-schule-wiesbaden.de\/index.php\/personalrat\/\" data-type=\"page\" data-id=\"46\">Personalrat<\/a><\/li>\n\n\n\n<li><a href=\"https:\/\/www.albert-schweitzer-schule-wiesbaden.de\/index.php\/schulleitung\/\" data-type=\"page\" data-id=\"38\">Schulleiterin<\/a>, <a href=\"https:\/\/www.albert-schweitzer-schule-wiesbaden.de\/index.php\/schulleitung\/\" data-type=\"page\" data-id=\"38\">Konrektor<\/a> und <a href=\"https:\/\/www.albert-schweitzer-schule-wiesbaden.de\/index.php\/schulleitung\/\" data-type=\"page\" data-id=\"38\">2. Konrektorin<\/a><\/li>\n\n\n\n<li><a href=\"https:\/\/www.albert-schweitzer-schule-wiesbaden.de\/index.php\/sekretariat\/\" data-type=\"page\" data-id=\"36\">Sekretariat<\/a><\/li>\n\n\n\n<li><a href=\"https:\/\/www.albert-schweitzer-schule-wiesbaden.de\/index.php\/hausmeisterin\/\" data-type=\"page\" data-id=\"40\">Hausmeisterin<\/a><\/li>\n\n\n\n<li>Teilhabeassistentinnen und -assistenten, Ehrenamtliche und externe Dienstleister in der F\u00f6rderschule<\/li>\n\n\n\n<li><a href=\"https:\/\/www.albert-schweitzer-schule-wiesbaden.de\/index.php\/foerderverein-2\/\" data-type=\"page\" data-id=\"131\">F\u00f6rderkreis<\/a><\/li>\n\n\n\n<li>\u2026<\/li>\n<\/ul>\n\n\n\n<div class=\"wp-block-group\"><div class=\"wp-block-group__inner-container is-layout-flow wp-block-group-is-layout-flow\"><\/div><\/div>\n","protected":false},"excerpt":{"rendered":"<p>Die Albert-Schweitzer-Schule ist\u2026 Die vielf\u00e4ltigen Aufgabenbereiche und zahlreichen Kooperationspartner, die durch die Doppelfunktion und die Gr\u00f6\u00dfe des Systems entstehen, machen &hellip; <\/p>\n","protected":false},"author":1,"featured_media":0,"parent":0,"menu_order":0,"comment_status":"closed","ping_status":"closed","template":"","meta":{"footnotes":""},"class_list":["post-13","page","type-page","status-publish","hentry","latest_post"],"_links":{"self":[{"href":"https:\/\/www.albert-schweitzer-schule-wiesbaden.de\/index.php\/wp-json\/wp\/v2\/pages\/13","targetHints":{"allow":["GET"]}}],"collection":[{"href":"https:\/\/www.albert-schweitzer-schule-wiesbaden.de\/index.php\/wp-json\/wp\/v2\/pages"}],"about":[{"href":"https:\/\/www.albert-schweitzer-schule-wiesbaden.de\/index.php\/wp-json\/wp\/v2\/types\/page"}],"author":[{"embeddable":true,"href":"https:\/\/www.albert-schweitzer-schule-wiesbaden.de\/index.php\/wp-json\/wp\/v2\/users\/1"}],"replies":[{"embeddable":true,"href":"https:\/\/www.albert-schweitzer-schule-wiesbaden.de\/index.php\/wp-json\/wp\/v2\/comments?post=13"}],"version-history":[{"count":23,"href":"https:\/\/www.albert-schweitzer-schule-wiesbaden.de\/index.php\/wp-json\/wp\/v2\/pages\/13\/revisions"}],"predecessor-version":[{"id":2305,"href":"https:\/\/www.albert-schweitzer-schule-wiesbaden.de\/index.php\/wp-json\/wp\/v2\/pages\/13\/revisions\/2305"}],"wp:attachment":[{"href":"https:\/\/www.albert-schweitzer-schule-wiesbaden.de\/index.php\/wp-json\/wp\/v2\/media?parent=13"}],"curies":[{"name":"wp","href":"https:\/\/api.w.org\/{rel}","templated":true}]}}