{"id":106,"date":"2022-02-20T11:17:30","date_gmt":"2022-02-20T10:17:30","guid":{"rendered":"http:\/\/schweitzer.wiesan.de\/wordpress\/?page_id=106"},"modified":"2025-08-27T11:16:38","modified_gmt":"2025-08-27T09:16:38","slug":"kooperationspartner","status":"publish","type":"page","link":"https:\/\/www.albert-schweitzer-schule-wiesbaden.de\/index.php\/kooperationspartner\/","title":{"rendered":"Kooperationspartner"},"content":{"rendered":"\n<p style=\"font-size:30px\"><strong>Staatliches Schulamt f\u00fcr den Rheingau-Taunus-Kreis und die Landeshauptstadt Wiesbaden<\/strong><\/p>\n\n\n\n<p class=\"has-medium-font-size\">In Fragen der <strong>Schulaufsicht<\/strong>, <strong>der sonderp\u00e4dagogischen F\u00f6rderung und des Schulrechts<\/strong> kooperieren wir mit unserem <strong>Staatlichen Schulamt<\/strong> in Wiesbaden:<\/p>\n\n\n\n<p class=\"has-medium-font-size\">Walter-Hallstein-Stra\u00dfe 3-5<\/p>\n\n\n\n<p class=\"has-medium-font-size\">65197 Wiesbaden<\/p>\n\n\n\n<p class=\"has-medium-font-size\">Telefon: 0611 &#8211; 8803-0<\/p>\n\n\n\n<p class=\"has-medium-font-size\">Fax: 0611 &#8211; 8803-466<\/p>\n\n\n\n<p class=\"has-medium-font-size\"><a href=\"https:\/\/schulaemter.hessen.de\/staatliche-schulaemter-in-hessen\/wiesbaden\" data-type=\"URL\" data-id=\"https:\/\/schulaemter.hessen.de\/staatliche-schulaemter-in-hessen\/wiesbaden\" target=\"_blank\" rel=\"noreferrer noopener\">Staatliches Schulamt<\/a><\/p>\n\n\n\n<hr class=\"wp-block-separator has-alpha-channel-opacity is-style-default\"\/>\n\n\n\n<p style=\"font-size:30px\"><strong>St\u00e4dtisches Schulamt<\/strong><\/p>\n\n\n\n<p class=\"has-medium-font-size\">Die <strong>Stadt Wiesbaden<\/strong> ist unser <strong>Schultr\u00e4ger<\/strong>. Wir arbeiten eng zusammen. So k\u00f6nnen wir die didaktische Ausstattung, Geb\u00e4ude und Anlagen in einem Zustand zu erhalten, der allen hier Lernenden gute M\u00f6glichkeiten bietet:<\/p>\n\n\n\n<p class=\"has-medium-font-size\"><strong>St\u00e4dtisches Schulamt<\/strong><\/p>\n\n\n\n<p class=\"has-medium-font-size\">Schillerplatz 1-2<\/p>\n\n\n\n<p class=\"has-medium-font-size\">65185 Wiesbaden<\/p>\n\n\n\n<p class=\"has-medium-font-size\">Postanschrift:<\/p>\n\n\n\n<p class=\"has-medium-font-size\">Postfach 3920<\/p>\n\n\n\n<p class=\"has-medium-font-size\">65029 Wiesbaden<\/p>\n\n\n\n<p class=\"has-medium-font-size\"><a href=\"https:\/\/www.wiesbaden.de\/vv\/oe\/03\/40\/141010100000006066.php\" target=\"_blank\" rel=\"noreferrer noopener\">St\u00e4dtisches Schulamt Wiesbaden<\/a><\/p>\n\n\n\n<hr class=\"wp-block-separator has-alpha-channel-opacity\"\/>\n\n\n\n<p style=\"font-size:30px\"><strong>Hessisches Kultusministerium<\/strong><\/p>\n\n\n\n<p class=\"has-medium-font-size\">In Fragen schulischer Bildung in Hessen ist das <strong>HKM<\/strong> zust\u00e4ndig:<\/p>\n\n\n\n<p class=\"has-medium-font-size\"><strong>Hessisches Kultusministerium<\/strong><\/p>\n\n\n\n<p class=\"has-medium-font-size\">Luisenplatz 10<\/p>\n\n\n\n<p class=\"has-medium-font-size\">65185 Wiesbaden<\/p>\n\n\n\n<p class=\"has-medium-font-size\">Telefon: 0611 &#8211; 368-0<\/p>\n\n\n\n<p class=\"has-medium-font-size\">Fax: 0611 &#8211; 368-2099<\/p>\n\n\n\n<p class=\"has-medium-font-size\"><a href=\"https:\/\/kultusministerium.hessen.de\/\" target=\"_blank\" rel=\"noreferrer noopener\">Hessisches Kultusministerium<\/a><\/p>\n\n\n\n<hr class=\"wp-block-separator has-alpha-channel-opacity\"\/>\n\n\n\n<p style=\"font-size:30px\"><strong><a href=\"https:\/\/www.wiesbaden.de\/vv\/oe\/06\/51\/amt-fuer-soziale-arbeit\" data-type=\"URL\" data-id=\"https:\/\/www.wiesbaden.de\/vv\/oe\/06\/51\/141010100000005983.php#SP-tabs-vv:1\" target=\"_blank\" rel=\"noreferrer noopener\">Amt f\u00fcr Soziale Arbeit<\/a><\/strong><\/p>\n\n\n\n<p style=\"font-size:26px\"><strong>Sozialdienst &#8211; Bezirkssozialarbeit<\/strong> <strong>(BSA)<\/strong><\/p>\n\n\n\n<p class=\"has-medium-font-size\">Fachdienst f\u00fcr Kinder, Jugendliche und Familien<\/p>\n\n\n\n<p class=\"has-medium-font-size\">Konradinerallee 11<\/p>\n\n\n\n<p class=\"has-medium-font-size\">65189 Wiesbaden<\/p>\n\n\n\n<p class=\"has-medium-font-size\">0611- 31 34 52 (Sekretariat)<\/p>\n\n\n\n<p class=\"has-medium-font-size\">E-Mail            <a href=\"mailto:Sozialdienst@wiesbaden.de\">Sozialdienst@wiesbaden.de<\/a><\/p>\n\n\n\n<p>Internet <a href=\"https:\/\/www.wiesbaden.de\/vv\/oe\/06\/51\/sozialdienst\/Sozialdienst\" data-type=\"URL\" data-id=\"https:\/\/www.wiesbaden.de\/vv\/oe\/06\/51\/sozialdienst\/141010100000168109.php\" target=\"_blank\" rel=\"noreferrer noopener\">Sozialdienst<\/a><\/p>\n\n\n\n<p style=\"font-size:26px\"><strong>Abteilung<\/strong> <strong>Eingliederungshilfe<\/strong> <strong>und Teilhabe<\/strong><\/p>\n\n\n\n<p>Kreuzberger Ring 7<br>65205 Wiesbaden<\/p>\n\n\n\n<p>Telefon     0611 &#8211; 31 <\/p>\n\n\n\n<p><a href=\"https:\/\/www.wiesbaden.de\/vv\/oe\/06\/51\/behindertenarbeit\/Eingliederungshilfe-und-Teilhabe#:~:text=Die%20Landeshauptstadt%20Wiesbaden%20ist%20als%20%C3%B6rtlicher%20Tr%C3%A4ger%20der,f%C3%BCr%20Soziale%20Arbeit%20einen%20Antrag%20auf%20Eingliederungshilfe%20stellen.\" target=\"_blank\" rel=\"noreferrer noopener\">Eingliederungshilfe und Teilhabe<\/a><\/p>\n\n\n\n<p><a href=\"https:\/\/www.wiesbaden.de\/leben-in-wiesbaden\/gesellschaft-soziales\/inklusion\/antragstellung-und-clearing\" data-type=\"URL\" data-id=\"https:\/\/www.wiesbaden.de\/vv\/produkte\/51\/behindertenarbeit-eingliederungshilfe\/141010100000180494.php\" target=\"_blank\" rel=\"noreferrer noopener\">Antragstellung<\/a><br><\/p>\n\n\n\n<div style=\"height:74px\" aria-hidden=\"true\" class=\"wp-block-spacer\"><\/div>\n\n\n\n<p style=\"font-size:30px\"><a href=\"https:\/\/www.wiesbaden.de\/leben-in-wiesbaden\/bildung\/schulen\/foerderschule.php\" target=\"_blank\" rel=\"noreferrer noopener\"><strong>F\u00f6rderschulen in Wiesbaden<\/strong><\/a><\/p>\n\n\n\n<p style=\"font-size:30px\"><strong>Comeniusschule <\/strong><\/p>\n\n\n\n<p class=\"has-medium-font-size\"><strong>F\u00f6rderschwerpunkt Lernen<\/strong><\/p>\n\n\n\n<p class=\"has-medium-font-size\">Comeniusstr. 5<\/p>\n\n\n\n<p class=\"has-medium-font-size\">65195&nbsp;Wiesbaden<\/p>\n\n\n\n<p class=\"has-medium-font-size\">Telefon&nbsp; &nbsp;&nbsp;0611 \/ 312237<\/p>\n\n\n\n<p class=\"has-medium-font-size\">Fax&nbsp;&nbsp;&nbsp;&nbsp;&nbsp;&nbsp;&nbsp;&nbsp; &nbsp;&nbsp;0611 \/ 313947<\/p>\n\n\n\n<p class=\"has-medium-font-size\">E-Mail&nbsp;&nbsp;&nbsp;&nbsp; <a href=\"mailto:comeniusschule@wiesbaden.de\">comeniusschule@wiesbaden.de<\/a><\/p>\n\n\n\n<p class=\"has-medium-font-size\">Internet&nbsp; <a href=\"http:\/\/www.comeniusschule-wiesbaden.de\/\" target=\"_blank\" rel=\"noreferrer noopener\">www.comeniusschule-wiesbaden.de<\/a><\/p>\n\n\n\n<hr class=\"wp-block-separator has-alpha-channel-opacity\"\/>\n\n\n\n<p style=\"font-size:30px\"><strong>Johann-Hinrich-Wichern-Schule <\/strong><\/p>\n\n\n\n<p class=\"has-medium-font-size\"><strong>F\u00f6rderschwerpunkt geistige Entwicklung<\/strong><\/p>\n\n\n\n<p class=\"has-medium-font-size\">Dyckerhoffstra\u00dfe 22<\/p>\n\n\n\n<p class=\"has-medium-font-size\">65203&nbsp;Wiesbaden<\/p>\n\n\n\n<p class=\"has-medium-font-size\">Telefon&nbsp;&nbsp; 0611 \/ 319183<\/p>\n\n\n\n<p class=\"has-medium-font-size\">Fax&nbsp;&nbsp;&nbsp;&nbsp;&nbsp;&nbsp;&nbsp;&nbsp;&nbsp; 0611 \/ 314996&nbsp;<\/p>\n\n\n\n<p class=\"has-medium-font-size\">E-Mail&nbsp;&nbsp;&nbsp;&nbsp; <a href=\"mailto:Johann-Hinrich-Wichern-Schule@wiesbaden.de\">Johann-Hinrich-Wichern-Schule@wiesbaden.de<\/a><\/p>\n\n\n\n<p class=\"has-medium-font-size\">Internet&nbsp;&nbsp; <a href=\"http:\/\/www.johann-hinrich-wichern-schule-wiesbaden.de\/\" target=\"_blank\" rel=\"noreferrer noopener\">www.johann-hinrich-wichern-schule-wiesbaden.de<\/a><\/p>\n\n\n\n<hr class=\"wp-block-separator has-alpha-channel-opacity\"\/>\n\n\n\n<p style=\"font-size:30px\"><strong>Fluxusschule <\/strong><\/p>\n\n\n\n<p class=\"has-medium-font-size\"><strong>F\u00f6rderschwerpunkt geistige Entwicklung<\/strong><\/p>\n\n\n\n<p class=\"has-medium-font-size\">Pf\u00e4lzer Stra\u00dfe 7<\/p>\n\n\n\n<p class=\"has-medium-font-size\">65203&nbsp;Wiesbaden<\/p>\n\n\n\n<p class=\"has-medium-font-size\">Telefon&nbsp;&nbsp;&nbsp; 0611 \/ 313555<\/p>\n\n\n\n<p class=\"has-medium-font-size\">Fax&nbsp;&nbsp;&nbsp;&nbsp;&nbsp;&nbsp;&nbsp;&nbsp;&nbsp;&nbsp; 0611 \/ 313940<\/p>\n\n\n\n<p class=\"has-medium-font-size\">E-Mail&nbsp;&nbsp;&nbsp;&nbsp;&nbsp;&nbsp; <a href=\"mailto:fluxusschule-biebrich@wiesbaden.de\">fluxusschule-biebrich@wiesbaden.de<\/a><\/p>\n\n\n\n<p class=\"has-medium-font-size\">Internet&nbsp;&nbsp;&nbsp; <a href=\"http:\/\/www.fluxusschule.de\/\" target=\"_blank\" rel=\"noreferrer noopener\">www.fluxusschule.de<\/a><\/p>\n\n\n\n<hr class=\"wp-block-separator has-alpha-channel-opacity\"\/>\n\n\n\n<p style=\"font-size:30px\"><strong>Helen-Keller-Schule <\/strong><\/p>\n\n\n\n<p class=\"has-medium-font-size\"><strong>F\u00f6rderschwerpunkt Sprache<\/strong><\/p>\n\n\n\n<p>Landgrabenstra\u00dfe 9<\/p>\n\n\n\n<p>65199&nbsp;Wiesbaden<\/p>\n\n\n\n<p>Telefon&nbsp;&nbsp;&nbsp;&nbsp;&nbsp; 0611 \/ 4118780<\/p>\n\n\n\n<p>Fax&nbsp;&nbsp;&nbsp;&nbsp;&nbsp;&nbsp;&nbsp;&nbsp;&nbsp;&nbsp;&nbsp;&nbsp; 0611 \/ 4118789<\/p>\n\n\n\n<p>E-Mail &nbsp;&nbsp;&nbsp;&nbsp;&nbsp;&nbsp;&nbsp;<a href=\"mailto:helen-keller-schule@wiesbaden.de\">helen-keller-schule@wiesbaden.de<\/a><\/p>\n\n\n\n<p>Internet&nbsp;&nbsp;&nbsp;&nbsp; <a href=\"http:\/\/helen-keller-schule.net\/\" data-type=\"URL\" data-id=\"http:\/\/helen-keller-schule.net\/\" target=\"_blank\" rel=\"noreferrer noopener\">www.helen-keller-schule.net<\/a><\/p>\n\n\n\n<hr class=\"wp-block-separator has-alpha-channel-opacity\"\/>\n\n\n\n<p style=\"font-size:30px\"><strong>Schule am Geisberg <\/strong><\/p>\n\n\n\n<p class=\"has-medium-font-size\"><strong>F\u00f6rderschwerpunkt emotional-soziale Entwicklung<\/strong><\/p>\n\n\n\n<p>EVIM Bildung gemeinn\u00fctzige GmbH<\/p>\n\n\n\n<p>Schule am Geisberg<\/p>\n\n\n\n<p>Jonas-Schmidt-Str. 2<\/p>\n\n\n\n<p>65193 Wiesbaden<\/p>\n\n\n\n<p>Tel.:&nbsp; 0611 94587013<\/p>\n\n\n\n<p>E-Mail: &nbsp;&nbsp;&nbsp;&nbsp;&nbsp;schuleamgeisberg@evim.de <\/p>\n\n\n\n<p>Internet&nbsp;&nbsp;&nbsp; <a href=\"http:\/\/www.evim.de\/betreuungsangebote\/evim-bildung\/schule-am-geisberg\/\" target=\"_blank\" rel=\"noreferrer noopener\">www.evim.de\/betreuungsangebote\/evim-bildung\/schule-am-geisberg\/<\/a><\/p>\n\n\n\n<hr class=\"wp-block-separator has-alpha-channel-opacity\"\/>\n\n\n\n<p style=\"font-size:30px\"><strong>Friedrich-von-Bodelschwingh-Schule<\/strong><\/p>\n\n\n\n<p class=\"has-medium-font-size\"><strong>F\u00f6rderschwerpunkt motorische und k\u00f6rperliche Entwicklung<\/strong><\/p>\n\n\n\n<p class=\"has-medium-font-size\"><strong>F\u00f6rderschwerpunkt geistige Entwicklung<\/strong><\/p>\n\n\n\n<p class=\"has-medium-font-size\">P\u00f6rtschacher Stra\u00dfe 12<\/p>\n\n\n\n<p class=\"has-medium-font-size\">65187&nbsp;Wiesbaden<\/p>\n\n\n\n<p class=\"has-medium-font-size\">Telefon&nbsp;&nbsp;&nbsp;&nbsp;&nbsp;&nbsp;&nbsp; &nbsp;0611 \/ 5410710<\/p>\n\n\n\n<p class=\"has-medium-font-size\">Fax&nbsp;&nbsp;&nbsp;&nbsp;&nbsp;&nbsp;&nbsp;&nbsp;&nbsp;&nbsp;&nbsp;&nbsp;&nbsp;&nbsp; &nbsp;0611 \/ 54107119<\/p>\n\n\n\n<p class=\"has-medium-font-size\">E-Mail&nbsp;&nbsp;&nbsp;&nbsp;&nbsp;&nbsp;&nbsp;&nbsp;&nbsp;&nbsp; <a href=\"mailto:friedrich-von-bodelschwingh-schule@wiesbaden.de\">friedrich-von-bodelschwingh-schule@wiesbaden.de<\/a><\/p>\n\n\n\n<p class=\"has-medium-font-size\">Internet&nbsp;&nbsp;&nbsp;&nbsp;&nbsp;&nbsp;&nbsp; <a href=\"http:\/\/www.bodelschwinghschule.com\" target=\"_blank\" rel=\"noreferrer noopener\">www.bodelschwinghschule.com<\/a><\/p>\n\n\n\n<hr class=\"wp-block-separator has-alpha-channel-opacity\"\/>\n\n\n\n<p style=\"font-size:30px\"><strong>Br\u00fcckenschule \u2013 Schule f\u00fcr Kranke<\/strong><\/p>\n\n\n\n<p class=\"has-medium-font-size\">Brunhildenstr. 2<\/p>\n\n\n\n<p class=\"has-medium-font-size\">65189&nbsp;Wiesbaden<\/p>\n\n\n\n<p class=\"has-medium-font-size\">Telefon&nbsp;&nbsp;&nbsp;&nbsp;&nbsp; &nbsp;&nbsp;0611 \/ 317696<\/p>\n\n\n\n<p class=\"has-medium-font-size\">Fax&nbsp;&nbsp;&nbsp;&nbsp;&nbsp;&nbsp;&nbsp;&nbsp;&nbsp;&nbsp;&nbsp;&nbsp; &nbsp;&nbsp;0611 \/ 315993<\/p>\n\n\n\n<p class=\"has-medium-font-size\">E-Mail&nbsp;&nbsp;&nbsp;&nbsp;&nbsp;&nbsp;&nbsp; &nbsp;&nbsp;<a href=\"mailto:brueckenschule@wiesbaden.de\">brueckenschule@wiesbaden.de<\/a><\/p>\n\n\n\n<p class=\"has-medium-font-size\">Internet&nbsp;&nbsp;&nbsp;&nbsp; &nbsp;&nbsp;<a href=\"https:\/\/xn--brckenschule-wiesbaden-tlc.de\/\" data-type=\"URL\" data-id=\"https:\/\/xn--brckenschule-wiesbaden-tlc.de\/\" target=\"_blank\" rel=\"noreferrer noopener\">www.brueckenschule-wiesbaden.de<\/a><\/p>\n\n\n\n<hr class=\"wp-block-separator has-alpha-channel-opacity is-style-wide\"\/>\n\n\n\n<p style=\"font-size:30px\"><strong>\u00dcberregionale Beratungs- und F\u00f6rderzentren (\u00fcBFZ)<\/strong><\/p>\n\n\n\n<p class=\"has-medium-font-size\">Die<strong>&nbsp;<\/strong> <strong>\u00fcBFZ<\/strong> unterst\u00fctzen Sch\u00fclerinnen und Sch\u00fcler in den&nbsp;<strong>F\u00f6rderschwerpunkten k\u00f6rperliche und motorische Entwicklung, Sehen, H\u00f6ren sowie kranke Sch\u00fclerinnen und Sch\u00fcler<\/strong>. Durch individualisierte Lernangebote und angepasste Formen der Leistungsfeststellung wird diesen Sch\u00fclerinnen und Sch\u00fclern der bestm\u00f6gliche Schulabschluss vermittelt.<\/p>\n\n\n\n<p style=\"font-size:26px\"><strong><u>\u00fcBFZ F\u00f6rderschwerpunkt <strong>k\u00f6rperliche und motorische Entwicklung<\/strong><\/u><\/strong><\/p>\n\n\n\n<p class=\"has-medium-font-size\"><strong>Friedrich-von-Bodelschwingh-Schule<\/strong><\/p>\n\n\n\n<p class=\"has-medium-font-size\">P\u00f6rtschacher Stra\u00dfe 12<\/p>\n\n\n\n<p class=\"has-medium-font-size\">65187&nbsp;Wiesbaden<\/p>\n\n\n\n<p class=\"has-medium-font-size\">Telefon&nbsp;&nbsp;&nbsp;&nbsp;&nbsp;&nbsp;&nbsp;&nbsp; 0611 \/ 5410710<\/p>\n\n\n\n<p class=\"has-medium-font-size\">Fax&nbsp;&nbsp;&nbsp;&nbsp;&nbsp;&nbsp;&nbsp;&nbsp;&nbsp;&nbsp;&nbsp;&nbsp;&nbsp;&nbsp;&nbsp; 0611 \/ 54107119<\/p>\n\n\n\n<p class=\"has-medium-font-size\">E-Mail&nbsp;&nbsp;&nbsp;&nbsp;&nbsp;&nbsp;&nbsp;&nbsp;&nbsp;&nbsp; <a href=\"mailto:friedrich-von-bodelschwingh-schule@wiesbaden.de\">friedrich-von-bodelschwingh-schule@wiesbaden.de<\/a><\/p>\n\n\n\n<p class=\"has-medium-font-size\">Internet&nbsp;&nbsp;&nbsp;&nbsp;&nbsp;&nbsp;&nbsp; <a href=\"http:\/\/www.bodelschwinghschule.com\" target=\"_blank\" rel=\"noreferrer noopener\">www.bodelschwinghschule.com<\/a><\/p>\n\n\n\n<hr class=\"wp-block-separator has-alpha-channel-opacity\"\/>\n\n\n\n<p style=\"font-size:26px\"><strong><u>\u00fcBFZ F\u00f6rderschwerpunkt <strong>H\u00f6ren<\/strong><\/u><\/strong><\/p>\n\n\n\n<p class=\"has-medium-font-size\"><strong>Freiherr-von-Sch\u00fctz-Schule<\/strong><\/p>\n\n\n\n<p class=\"has-medium-font-size\">Schule mit F\u00f6rderschwerpunkt H\u00f6ren<\/p>\n\n\n\n<p class=\"has-medium-font-size\">Frankfurter Stra\u00dfe 15-19<\/p>\n\n\n\n<p class=\"has-medium-font-size\">65520 Bad Camberg<\/p>\n\n\n\n<p class=\"has-medium-font-size\">Telefon            06434 \/ 9320<\/p>\n\n\n\n<p>E-Mail                <a href=\"mailto:fvss@freiherr-von-schuetz-schule.de\">fvss@freiherr-von-schuetz-schule.de<\/a>;<\/p>\n\n\n\n<p>Internet              <a href=\"https:\/\/fvss.lwv-hessen.de\/\" data-type=\"URL\" data-id=\"https:\/\/fvss.lwv-hessen.de\/\" target=\"_blank\" rel=\"noreferrer noopener\">Freiherr-von-Sch\u00fctz-Schule<\/a><\/p>\n\n\n\n<hr class=\"wp-block-separator has-alpha-channel-opacity\"\/>\n\n\n\n<p style=\"font-size:26px\"><strong><u>\u00fcBFZ F\u00f6rderschwerpunkt <strong>Sehen<\/strong><\/u><\/strong><\/p>\n\n\n\n<p class=\"has-medium-font-size\"><strong>Herrman-Herzog-Schule<\/strong><\/p>\n\n\n\n<p class=\"has-medium-font-size\">Schule mit F\u00f6rderschwerpunkt Sehen<\/p>\n\n\n\n<p class=\"has-medium-font-size\">\u00dcberregionales Beratungs- und F\u00f6rderzentrum<\/p>\n\n\n\n<p class=\"has-medium-font-size\">Gutleutstrasse 295-301<\/p>\n\n\n\n<p class=\"has-medium-font-size\">60327 Frankfurt am Main&nbsp;<\/p>\n\n\n\n<p class=\"has-medium-font-size\">Telefon&nbsp;&nbsp;&nbsp;&nbsp;&nbsp;&nbsp;&nbsp; &nbsp;&nbsp;069\/242686-70&nbsp;<\/p>\n\n\n\n<p class=\"has-medium-font-size\">Fax&nbsp;&nbsp;&nbsp;&nbsp;&nbsp;&nbsp;&nbsp;&nbsp;&nbsp;&nbsp;&nbsp;&nbsp;&nbsp;&nbsp; &nbsp;&nbsp;&nbsp;069\/212-39910<\/p>\n\n\n\n<p class=\"has-medium-font-size\">Email&nbsp;&nbsp;&nbsp;&nbsp;&nbsp;&nbsp;&nbsp;&nbsp;&nbsp;&nbsp; &nbsp;&nbsp;&nbsp;<a href=\"mailto:hherzogschule@gmx.de\">hherzogschule@gmx.de<\/a>&nbsp;<\/p>\n\n\n\n<p class=\"has-medium-font-size\">Homepage&nbsp;&nbsp; &nbsp;  <a rel=\"noreferrer noopener\" href=\"http:\/\/www.hhs-ffm.de\" target=\"_blank\">www.hhs-ffm.de<\/a><\/p>\n\n\n\n<hr class=\"wp-block-separator has-alpha-channel-opacity\"\/>\n\n\n\n<p style=\"font-size:26px\"><strong><u>\u00fcBFZ F\u00f6rderschwerpunkt <strong>kranke Sch\u00fclerinnen und Sch\u00fcler<\/strong><\/u><\/strong><\/p>\n\n\n\n<p class=\"has-medium-font-size\"><strong>Br\u00fcckenschule<\/strong><\/p>\n\n\n\n<p class=\"has-medium-font-size\">Brunhildenstr. 2<\/p>\n\n\n\n<p class=\"has-medium-font-size\">65189&nbsp;Wiesbaden<\/p>\n\n\n\n<p class=\"has-medium-font-size\">Telefon&nbsp;&nbsp;&nbsp;&nbsp;&nbsp;&nbsp;&nbsp; 0611 \/ 317696<\/p>\n\n\n\n<p class=\"has-medium-font-size\">Fax&nbsp;&nbsp;&nbsp;&nbsp;&nbsp;&nbsp;&nbsp;&nbsp;&nbsp;&nbsp;&nbsp;&nbsp;&nbsp;&nbsp; 0611 \/ 315993<\/p>\n\n\n\n<p class=\"has-medium-font-size\">E-Mail&nbsp;&nbsp;&nbsp;&nbsp;&nbsp;&nbsp;&nbsp;&nbsp;&nbsp; <a href=\"mailto:brueckenschule@wiesbaden.de\">brueckenschule@wiesbaden.de<\/a><\/p>\n\n\n\n<p class=\"has-medium-font-size\">Homepage &nbsp;<a href=\"https:\/\/xn--brckenschule-wiesbaden-tlc.de\/\" data-type=\"URL\" data-id=\"https:\/\/xn--brckenschule-wiesbaden-tlc.de\/\" target=\"_blank\" rel=\"noreferrer noopener\">www.brueckenschule-wiesbaden.de<\/a><\/p>\n\n\n\n<hr class=\"wp-block-separator has-alpha-channel-opacity\"\/>\n","protected":false},"excerpt":{"rendered":"<p>Staatliches Schulamt f\u00fcr den Rheingau-Taunus-Kreis und die Landeshauptstadt Wiesbaden In Fragen der Schulaufsicht, der sonderp\u00e4dagogischen F\u00f6rderung und des Schulrechts kooperieren &hellip; <\/p>\n","protected":false},"author":1,"featured_media":0,"parent":0,"menu_order":0,"comment_status":"closed","ping_status":"closed","template":"","meta":{"footnotes":""},"class_list":["post-106","page","type-page","status-publish","hentry","latest_post"],"_links":{"self":[{"href":"https:\/\/www.albert-schweitzer-schule-wiesbaden.de\/index.php\/wp-json\/wp\/v2\/pages\/106","targetHints":{"allow":["GET"]}}],"collection":[{"href":"https:\/\/www.albert-schweitzer-schule-wiesbaden.de\/index.php\/wp-json\/wp\/v2\/pages"}],"about":[{"href":"https:\/\/www.albert-schweitzer-schule-wiesbaden.de\/index.php\/wp-json\/wp\/v2\/types\/page"}],"author":[{"embeddable":true,"href":"https:\/\/www.albert-schweitzer-schule-wiesbaden.de\/index.php\/wp-json\/wp\/v2\/users\/1"}],"replies":[{"embeddable":true,"href":"https:\/\/www.albert-schweitzer-schule-wiesbaden.de\/index.php\/wp-json\/wp\/v2\/comments?post=106"}],"version-history":[{"count":20,"href":"https:\/\/www.albert-schweitzer-schule-wiesbaden.de\/index.php\/wp-json\/wp\/v2\/pages\/106\/revisions"}],"predecessor-version":[{"id":2157,"href":"https:\/\/www.albert-schweitzer-schule-wiesbaden.de\/index.php\/wp-json\/wp\/v2\/pages\/106\/revisions\/2157"}],"wp:attachment":[{"href":"https:\/\/www.albert-schweitzer-schule-wiesbaden.de\/index.php\/wp-json\/wp\/v2\/media?parent=106"}],"curies":[{"name":"wp","href":"https:\/\/api.w.org\/{rel}","templated":true}]}}