{"id":102,"date":"2022-02-20T11:15:36","date_gmt":"2022-02-20T10:15:36","guid":{"rendered":"http:\/\/schweitzer.wiesan.de\/wordpress\/?page_id=102"},"modified":"2025-09-05T09:34:22","modified_gmt":"2025-09-05T07:34:22","slug":"korridormassnahme-sprache-gs","status":"publish","type":"page","link":"https:\/\/www.albert-schweitzer-schule-wiesbaden.de\/index.php\/korridormassnahme-sprache-gs\/","title":{"rendered":"Korridorma\u00dfnahme Sprache"},"content":{"rendered":"\n<p class=\"has-vivid-red-color has-text-color has-link-color wp-elements-c22e9937e3223ef563533fb6281616eb\"><strong>Achtung! Die Ma\u00dfnahme kann f\u00fcr den SEK I-Bereich im Schuljahr 2025\/26 leider nicht angeboten werden.<\/strong><\/p>\n\n\n\n<p>Die Korridorma\u00dfnahme Sprache (KM Sprache) ist ein unterst\u00fctzendes Angebot im Rahmen der vorbeugenden Ma\u00dfnahmen des regionalen Beratungs- und F\u00f6rderzentrums Wiesbaden f\u00fcr Sch\u00fclerinnen und Sch\u00fcler mit Migrationshintergrund und einem damit verbundenen <strong>Unterst\u00fctzungsbedarf im Bereich Deutsch als Zweitsprache und Lernen.<\/strong><\/p>\n\n\n\n<ul class=\"wp-block-list\">\n<li>Das angestrebte Ziel der KM-Sprache ist die erfolgreiche R\u00fcckkehr und Teilnahme am Unterricht in der allgemeinen Schule.<\/li>\n\n\n\n<li>Es gibt derzeit 2 Lerngruppen mit jeweils 8 \u2013 12 Sch\u00fclerinnen und Sch\u00fcler.\n<ul class=\"wp-block-list\">\n<li>In der <u>KM Sprache Grundschulen<\/u> werden Sch\u00fclerinnen und Sch\u00fcler der Klassen 1-4 und<\/li>\n\n\n\n<li>in der <u>KM Sprache Sekundarstufe I<\/u> Sch\u00fclerinnen und Sch\u00fcler der Klassen 5-8 beschult.<\/li>\n<\/ul>\n<\/li>\n\n\n\n<li>Die Aufnahme wird von den Eltern und der Stammschule \u00fcber das regionale BFZ beantragt und im Jour fixe mit der DaZ-Fachberatung des staatlichen Schulamtes beraten.<\/li>\n\n\n\n<li>Nach den Aufnahmeformalit\u00e4ten weist das Schulamt die Sch\u00fcler der KM Sprache zu.<\/li>\n\n\n\n<li>Die Sch\u00fclerinnen und Sch\u00fcler bleiben Sch\u00fclerinnen und Sch\u00fcler ihrer Stammschule. Der Unterrichtsort ist die Lerngruppe an der Albert-Schweitzer-Schule.<\/li>\n\n\n\n<li>Das Aufnahmegespr\u00e4ch erfolgt mit der Klassenlehrkraft und der zust\u00e4ndigen BFZ-Lehrkraft der Stammschule und den Eltern sowie der Lehrkraft der Korridorma\u00dfnahme Sprache. \u00c4ltere Sch\u00fclerinnen und Sch\u00fcler der Sekundarstufe I sind bei dem Gespr\u00e4ch ebenfalls anwesend.<\/li>\n\n\n\n<li>Zwischen der Stammschullehrkraft und den Lehrkr\u00e4ften der KM Sprache erfolgt eine intensive Zusammenarbeit. Am Anfang wird der Lernstand der Sch\u00fclerinnen und Sch\u00fcler informell und ggf. auch formell erhoben, um die F\u00f6rderung den individuellen F\u00e4higkeiten anzupassen.<\/li>\n\n\n\n<li>Die Aufenthaltsdauer in der KM Sprache betr\u00e4gt in der Regel 1 Jahr (Abweichungen von 9-18 Monate nach gemeinsamem Beschluss m\u00f6glich).<\/li>\n<\/ul>\n\n\n\n<h2 class=\"wp-block-heading\">Unterricht<\/h2>\n\n\n\n<ul class=\"wp-block-list\">\n<li>Schwerpunkt ist ein intensiver Deutschunterricht mit 10 Stunden pro Woche. Unterrichtet werden auch die F\u00e4cher Mathematik, Sachkunde, Musik, Kunst und Sport in der KM Sprache f\u00fcr Grundschulen und Naturwissenschaften, Gesellschaftslehre, Arbeitslehre und Berufsorientierung in der KM Sprache SEK I.<\/li>\n\n\n\n<li>F\u00fcr die F\u00e4cher Deutsch und Mathematik werden individuelle Lernpl\u00e4ne, die sich am Lernstand der Sch\u00fclerinnen und Sch\u00fcler orientieren, erstellt.<\/li>\n\n\n\n<li>F\u00fcr die \u00e4lteren Sch\u00fclerinnen und Sch\u00fcler werden auch Praktika und die berufsorientierten Praxiskurse angeboten.<\/li>\n\n\n\n<li>Schwerpunkt in der KM Sprache ist eine individuelle, ganzheitliche F\u00f6rderung und eine Weiterentwicklung der sprachlichen F\u00e4higkeiten.<\/li>\n\n\n\n<li>Die Sch\u00fclerinnen und Sch\u00fcler werden jeden Tag 5 Unterrichtsstunden beschult.<\/li>\n\n\n\n<li>In der Klasse unterrichtet haupts\u00e4chlich eine feste Lehrkraft.<\/li>\n\n\n\n<li>Begleitend erfolgt eine intensive Elternarbeit und die Einbindung bestehender oder notwendiger Unterst\u00fctzungssysteme sowie eine Schullaufbahnberatung.<\/li>\n<\/ul>\n\n\n\n<h2 class=\"wp-block-heading\">Sonstiges<\/h2>\n\n\n\n<ul class=\"wp-block-list\">\n<li>Die Sch\u00fclerinnen und Sch\u00fcler nehmen an besonderen Aktivit\u00e4ten ihrer zust\u00e4ndigen Stammschulklasse teil, wie z.B. Ausfl\u00fcge, Feste, Jugendverkehrsschule, Klassenfahrt.<\/li>\n\n\n\n<li>Die Sch\u00fclerinnen und Sch\u00fcler nehmen weiterhin am Ganztags-\/ Betreuungsangebot der Stammschule teil. Auf Wunsch k\u00f6nnen die Sch\u00fclerinnen und Sch\u00fcler der KM Sprache auch das Betreuungsangebot der Albert-Schweitzer-Schule nutzen.<\/li>\n<\/ul>\n\n\n\n<p><\/p>\n","protected":false},"excerpt":{"rendered":"<p>Achtung! Die Ma\u00dfnahme kann f\u00fcr den SEK I-Bereich im Schuljahr 2025\/26 leider nicht angeboten werden. Die Korridorma\u00dfnahme Sprache (KM Sprache) &hellip; <\/p>\n","protected":false},"author":1,"featured_media":0,"parent":0,"menu_order":0,"comment_status":"closed","ping_status":"closed","template":"","meta":{"footnotes":""},"class_list":["post-102","page","type-page","status-publish","hentry","latest_post"],"_links":{"self":[{"href":"https:\/\/www.albert-schweitzer-schule-wiesbaden.de\/index.php\/wp-json\/wp\/v2\/pages\/102","targetHints":{"allow":["GET"]}}],"collection":[{"href":"https:\/\/www.albert-schweitzer-schule-wiesbaden.de\/index.php\/wp-json\/wp\/v2\/pages"}],"about":[{"href":"https:\/\/www.albert-schweitzer-schule-wiesbaden.de\/index.php\/wp-json\/wp\/v2\/types\/page"}],"author":[{"embeddable":true,"href":"https:\/\/www.albert-schweitzer-schule-wiesbaden.de\/index.php\/wp-json\/wp\/v2\/users\/1"}],"replies":[{"embeddable":true,"href":"https:\/\/www.albert-schweitzer-schule-wiesbaden.de\/index.php\/wp-json\/wp\/v2\/comments?post=102"}],"version-history":[{"count":11,"href":"https:\/\/www.albert-schweitzer-schule-wiesbaden.de\/index.php\/wp-json\/wp\/v2\/pages\/102\/revisions"}],"predecessor-version":[{"id":2167,"href":"https:\/\/www.albert-schweitzer-schule-wiesbaden.de\/index.php\/wp-json\/wp\/v2\/pages\/102\/revisions\/2167"}],"wp:attachment":[{"href":"https:\/\/www.albert-schweitzer-schule-wiesbaden.de\/index.php\/wp-json\/wp\/v2\/media?parent=102"}],"curies":[{"name":"wp","href":"https:\/\/api.w.org\/{rel}","templated":true}]}}